{"id":2709,"date":"2023-04-13T12:37:21","date_gmt":"2023-04-13T12:37:21","guid":{"rendered":"https:\/\/hotelverte.com\/special-offers\/pakiet-romantyczny\/"},"modified":"2023-10-03T16:04:19","modified_gmt":"2023-10-03T16:04:19","slug":"stay-in-warsaw-for-lovers","status":"publish","type":"page","link":"https:\/\/hotelverte.com\/en\/special-offer\/stay-in-warsaw-for-lovers\/","title":{"rendered":"Stay in Warsaw For Lovers"},"content":{"rendered":"","protected":false},"excerpt":{"rendered":"","protected":false},"author":1,"featured_media":2121,"parent":4780,"menu_order":0,"comment_status":"closed","ping_status":"closed","template":"template-special_offers.php","meta":{"_acf_changed":false,"inline_featured_image":false,"_monsterinsights_skip_tracking":false,"_monsterinsights_sitenote_active":false,"_monsterinsights_sitenote_note":"","_monsterinsights_sitenote_category":0,"footnotes":""},"class_list":["post-2709","page","type-page","status-publish","has-post-thumbnail","hentry"],"acf":[],"yoast_head":"<!-- This site is optimized with the Yoast SEO plugin v27.6 - https:\/\/yoast.com\/product\/yoast-seo-wordpress\/ -->\n<title>Stay in Warsaw For Lovers - Hotel Verte, Warsaw, Autograph Collection<\/title>\n<meta name=\"description\" content=\"Pakiet romantyczny, to idealny wyb\u00f3r dla zakochanych, kt\u00f3rzy chc\u0105 sp\u0119dzi\u0107 magiczny czas w Warszawie. Zarezerwuj ju\u017c dzi\u015b.\" \/>\n<meta name=\"robots\" content=\"index, follow, max-snippet:-1, max-image-preview:large, max-video-preview:-1\" \/>\n<link rel=\"canonical\" href=\"https:\/\/hotelverte.com\/en\/special-offer\/stay-in-warsaw-for-lovers\/\" \/>\n<meta property=\"og:locale\" content=\"en_US\" \/>\n<meta property=\"og:type\" content=\"article\" \/>\n<meta property=\"og:title\" content=\"Stay in Warsaw For Lovers - Hotel Verte, Warsaw, Autograph Collection\" \/>\n<meta property=\"og:description\" content=\"Pakiet romantyczny, to idealny wyb\u00f3r dla zakochanych, kt\u00f3rzy chc\u0105 sp\u0119dzi\u0107 magiczny czas w Warszawie. Zarezerwuj ju\u017c dzi\u015b.\" \/>\n<meta property=\"og:url\" content=\"https:\/\/hotelverte.com\/en\/special-offer\/stay-in-warsaw-for-lovers\/\" \/>\n<meta property=\"og:site_name\" content=\"Hotel Verte, Warsaw, Autograph Collection\" \/>\n<meta property=\"article:modified_time\" content=\"2023-10-03T16:04:19+00:00\" \/>\n<meta property=\"og:image\" content=\"https:\/\/hotelverte.com\/wp-content\/uploads\/2023\/04\/Projekt-bez-tytulu-71.jpg\" \/>\n\t<meta property=\"og:image:width\" content=\"2560\" \/>\n\t<meta property=\"og:image:height\" content=\"1707\" \/>\n\t<meta property=\"og:image:type\" content=\"image\/jpeg\" \/>\n<meta name=\"twitter:card\" content=\"summary_large_image\" \/>\n<script type=\"application\/ld+json\" class=\"yoast-schema-graph\">{\"@context\":\"https:\\\/\\\/schema.org\",\"@graph\":[{\"@type\":\"WebPage\",\"@id\":\"https:\\\/\\\/hotelverte.com\\\/en\\\/special-offer\\\/stay-in-warsaw-for-lovers\\\/\",\"url\":\"https:\\\/\\\/hotelverte.com\\\/en\\\/special-offer\\\/stay-in-warsaw-for-lovers\\\/\",\"name\":\"Stay in Warsaw For Lovers - Hotel Verte, Warsaw, Autograph Collection\",\"isPartOf\":{\"@id\":\"https:\\\/\\\/hotelverte.com\\\/en\\\/#website\"},\"primaryImageOfPage\":{\"@id\":\"https:\\\/\\\/hotelverte.com\\\/en\\\/special-offer\\\/stay-in-warsaw-for-lovers\\\/#primaryimage\"},\"image\":{\"@id\":\"https:\\\/\\\/hotelverte.com\\\/en\\\/special-offer\\\/stay-in-warsaw-for-lovers\\\/#primaryimage\"},\"thumbnailUrl\":\"https:\\\/\\\/hotelverte.com\\\/wp-content\\\/uploads\\\/2023\\\/04\\\/Projekt-bez-tytulu-71.jpg\",\"datePublished\":\"2023-04-13T12:37:21+00:00\",\"dateModified\":\"2023-10-03T16:04:19+00:00\",\"description\":\"Pakiet romantyczny, to idealny wyb\u00f3r dla zakochanych, kt\u00f3rzy chc\u0105 sp\u0119dzi\u0107 magiczny czas w Warszawie. Zarezerwuj ju\u017c dzi\u015b.\",\"breadcrumb\":{\"@id\":\"https:\\\/\\\/hotelverte.com\\\/en\\\/special-offer\\\/stay-in-warsaw-for-lovers\\\/#breadcrumb\"},\"inLanguage\":\"en-US\",\"potentialAction\":[{\"@type\":\"ReadAction\",\"target\":[\"https:\\\/\\\/hotelverte.com\\\/en\\\/special-offer\\\/stay-in-warsaw-for-lovers\\\/\"]}]},{\"@type\":\"ImageObject\",\"inLanguage\":\"en-US\",\"@id\":\"https:\\\/\\\/hotelverte.com\\\/en\\\/special-offer\\\/stay-in-warsaw-for-lovers\\\/#primaryimage\",\"url\":\"https:\\\/\\\/hotelverte.com\\\/wp-content\\\/uploads\\\/2023\\\/04\\\/Projekt-bez-tytulu-71.jpg\",\"contentUrl\":\"https:\\\/\\\/hotelverte.com\\\/wp-content\\\/uploads\\\/2023\\\/04\\\/Projekt-bez-tytulu-71.jpg\",\"width\":2560,\"height\":1707},{\"@type\":\"BreadcrumbList\",\"@id\":\"https:\\\/\\\/hotelverte.com\\\/en\\\/special-offer\\\/stay-in-warsaw-for-lovers\\\/#breadcrumb\",\"itemListElement\":[{\"@type\":\"ListItem\",\"position\":1,\"name\":\"Strona g\u0142\u00f3wna\",\"item\":\"https:\\\/\\\/hotelverte.com\\\/en\\\/\"},{\"@type\":\"ListItem\",\"position\":2,\"name\":\"Special Offers\",\"item\":\"https:\\\/\\\/hotelverte.com\\\/en\\\/special-offer\\\/\"},{\"@type\":\"ListItem\",\"position\":3,\"name\":\"Stay in Warsaw For Lovers\"}]},{\"@type\":\"WebSite\",\"@id\":\"https:\\\/\\\/hotelverte.com\\\/en\\\/#website\",\"url\":\"https:\\\/\\\/hotelverte.com\\\/en\\\/\",\"name\":\"Hotel Verte, Warsaw, Autograph Collection\",\"description\":\"Autograph collecton hotels\",\"publisher\":{\"@id\":\"https:\\\/\\\/hotelverte.com\\\/en\\\/#organization\"},\"potentialAction\":[{\"@type\":\"SearchAction\",\"target\":{\"@type\":\"EntryPoint\",\"urlTemplate\":\"https:\\\/\\\/hotelverte.com\\\/en\\\/?s={search_term_string}\"},\"query-input\":{\"@type\":\"PropertyValueSpecification\",\"valueRequired\":true,\"valueName\":\"search_term_string\"}}],\"inLanguage\":\"en-US\"},{\"@type\":\"Organization\",\"@id\":\"https:\\\/\\\/hotelverte.com\\\/en\\\/#organization\",\"name\":\"Hotel Verte, Warsaw, Autograph Collection\",\"url\":\"https:\\\/\\\/hotelverte.com\\\/en\\\/\",\"logo\":{\"@type\":\"ImageObject\",\"inLanguage\":\"en-US\",\"@id\":\"https:\\\/\\\/hotelverte.com\\\/en\\\/#\\\/schema\\\/logo\\\/image\\\/\",\"url\":\"https:\\\/\\\/hotelverte.com\\\/wp-content\\\/uploads\\\/2022\\\/11\\\/KUKMACIEJMAJEWSKI_LOGO-1-e1747219187756.png\",\"contentUrl\":\"https:\\\/\\\/hotelverte.com\\\/wp-content\\\/uploads\\\/2022\\\/11\\\/KUKMACIEJMAJEWSKI_LOGO-1-e1747219187756.png\",\"width\":5600,\"height\":2436,\"caption\":\"Hotel Verte, Warsaw, Autograph Collection\"},\"image\":{\"@id\":\"https:\\\/\\\/hotelverte.com\\\/en\\\/#\\\/schema\\\/logo\\\/image\\\/\"}}]}<\/script>\n<!-- \/ Yoast SEO plugin. -->","yoast_head_json":{"title":"Stay in Warsaw For Lovers - Hotel Verte, Warsaw, Autograph Collection","description":"Pakiet romantyczny, to idealny wyb\u00f3r dla zakochanych, kt\u00f3rzy chc\u0105 sp\u0119dzi\u0107 magiczny czas w Warszawie. Zarezerwuj ju\u017c dzi\u015b.","robots":{"index":"index","follow":"follow","max-snippet":"max-snippet:-1","max-image-preview":"max-image-preview:large","max-video-preview":"max-video-preview:-1"},"canonical":"https:\/\/hotelverte.com\/en\/special-offer\/stay-in-warsaw-for-lovers\/","og_locale":"en_US","og_type":"article","og_title":"Stay in Warsaw For Lovers - Hotel Verte, Warsaw, Autograph Collection","og_description":"Pakiet romantyczny, to idealny wyb\u00f3r dla zakochanych, kt\u00f3rzy chc\u0105 sp\u0119dzi\u0107 magiczny czas w Warszawie. Zarezerwuj ju\u017c dzi\u015b.","og_url":"https:\/\/hotelverte.com\/en\/special-offer\/stay-in-warsaw-for-lovers\/","og_site_name":"Hotel Verte, Warsaw, Autograph Collection","article_modified_time":"2023-10-03T16:04:19+00:00","og_image":[{"width":2560,"height":1707,"url":"https:\/\/hotelverte.com\/wp-content\/uploads\/2023\/04\/Projekt-bez-tytulu-71.jpg","type":"image\/jpeg"}],"twitter_card":"summary_large_image","schema":{"@context":"https:\/\/schema.org","@graph":[{"@type":"WebPage","@id":"https:\/\/hotelverte.com\/en\/special-offer\/stay-in-warsaw-for-lovers\/","url":"https:\/\/hotelverte.com\/en\/special-offer\/stay-in-warsaw-for-lovers\/","name":"Stay in Warsaw For Lovers - Hotel Verte, Warsaw, Autograph Collection","isPartOf":{"@id":"https:\/\/hotelverte.com\/en\/#website"},"primaryImageOfPage":{"@id":"https:\/\/hotelverte.com\/en\/special-offer\/stay-in-warsaw-for-lovers\/#primaryimage"},"image":{"@id":"https:\/\/hotelverte.com\/en\/special-offer\/stay-in-warsaw-for-lovers\/#primaryimage"},"thumbnailUrl":"https:\/\/hotelverte.com\/wp-content\/uploads\/2023\/04\/Projekt-bez-tytulu-71.jpg","datePublished":"2023-04-13T12:37:21+00:00","dateModified":"2023-10-03T16:04:19+00:00","description":"Pakiet romantyczny, to idealny wyb\u00f3r dla zakochanych, kt\u00f3rzy chc\u0105 sp\u0119dzi\u0107 magiczny czas w Warszawie. Zarezerwuj ju\u017c dzi\u015b.","breadcrumb":{"@id":"https:\/\/hotelverte.com\/en\/special-offer\/stay-in-warsaw-for-lovers\/#breadcrumb"},"inLanguage":"en-US","potentialAction":[{"@type":"ReadAction","target":["https:\/\/hotelverte.com\/en\/special-offer\/stay-in-warsaw-for-lovers\/"]}]},{"@type":"ImageObject","inLanguage":"en-US","@id":"https:\/\/hotelverte.com\/en\/special-offer\/stay-in-warsaw-for-lovers\/#primaryimage","url":"https:\/\/hotelverte.com\/wp-content\/uploads\/2023\/04\/Projekt-bez-tytulu-71.jpg","contentUrl":"https:\/\/hotelverte.com\/wp-content\/uploads\/2023\/04\/Projekt-bez-tytulu-71.jpg","width":2560,"height":1707},{"@type":"BreadcrumbList","@id":"https:\/\/hotelverte.com\/en\/special-offer\/stay-in-warsaw-for-lovers\/#breadcrumb","itemListElement":[{"@type":"ListItem","position":1,"name":"Strona g\u0142\u00f3wna","item":"https:\/\/hotelverte.com\/en\/"},{"@type":"ListItem","position":2,"name":"Special Offers","item":"https:\/\/hotelverte.com\/en\/special-offer\/"},{"@type":"ListItem","position":3,"name":"Stay in Warsaw For Lovers"}]},{"@type":"WebSite","@id":"https:\/\/hotelverte.com\/en\/#website","url":"https:\/\/hotelverte.com\/en\/","name":"Hotel Verte, Warsaw, Autograph Collection","description":"Autograph collecton hotels","publisher":{"@id":"https:\/\/hotelverte.com\/en\/#organization"},"potentialAction":[{"@type":"SearchAction","target":{"@type":"EntryPoint","urlTemplate":"https:\/\/hotelverte.com\/en\/?s={search_term_string}"},"query-input":{"@type":"PropertyValueSpecification","valueRequired":true,"valueName":"search_term_string"}}],"inLanguage":"en-US"},{"@type":"Organization","@id":"https:\/\/hotelverte.com\/en\/#organization","name":"Hotel Verte, Warsaw, Autograph Collection","url":"https:\/\/hotelverte.com\/en\/","logo":{"@type":"ImageObject","inLanguage":"en-US","@id":"https:\/\/hotelverte.com\/en\/#\/schema\/logo\/image\/","url":"https:\/\/hotelverte.com\/wp-content\/uploads\/2022\/11\/KUKMACIEJMAJEWSKI_LOGO-1-e1747219187756.png","contentUrl":"https:\/\/hotelverte.com\/wp-content\/uploads\/2022\/11\/KUKMACIEJMAJEWSKI_LOGO-1-e1747219187756.png","width":5600,"height":2436,"caption":"Hotel Verte, Warsaw, Autograph Collection"},"image":{"@id":"https:\/\/hotelverte.com\/en\/#\/schema\/logo\/image\/"}}]}},"_links":{"self":[{"href":"https:\/\/hotelverte.com\/en\/wp-json\/wp\/v2\/pages\/2709","targetHints":{"allow":["GET"]}}],"collection":[{"href":"https:\/\/hotelverte.com\/en\/wp-json\/wp\/v2\/pages"}],"about":[{"href":"https:\/\/hotelverte.com\/en\/wp-json\/wp\/v2\/types\/page"}],"author":[{"embeddable":true,"href":"https:\/\/hotelverte.com\/en\/wp-json\/wp\/v2\/users\/1"}],"replies":[{"embeddable":true,"href":"https:\/\/hotelverte.com\/en\/wp-json\/wp\/v2\/comments?post=2709"}],"version-history":[{"count":2,"href":"https:\/\/hotelverte.com\/en\/wp-json\/wp\/v2\/pages\/2709\/revisions"}],"predecessor-version":[{"id":2711,"href":"https:\/\/hotelverte.com\/en\/wp-json\/wp\/v2\/pages\/2709\/revisions\/2711"}],"up":[{"embeddable":true,"href":"https:\/\/hotelverte.com\/en\/wp-json\/wp\/v2\/pages\/4780"}],"wp:featuredmedia":[{"embeddable":true,"href":"https:\/\/hotelverte.com\/en\/wp-json\/wp\/v2\/media\/2121"}],"wp:attachment":[{"href":"https:\/\/hotelverte.com\/en\/wp-json\/wp\/v2\/media?parent=2709"}],"curies":[{"name":"wp","href":"https:\/\/api.w.org\/{rel}","templated":true}]}}